{"id":10,"date":"2018-06-08T20:33:05","date_gmt":"2018-06-08T18:33:05","guid":{"rendered":"https:\/\/stressamb.dk\/onlinecoaching\/?page_id=10"},"modified":"2021-03-15T11:33:49","modified_gmt":"2021-03-15T10:33:49","slug":"sign-up","status":"publish","type":"page","link":"https:\/\/stressamb.dk\/onlinecoaching\/sign-up\/","title":{"rendered":"Sign Up"},"content":{"rendered":"<p><a href=\"https:\/\/stressamb.dk\/onlinecoaching\/?course=stressamb\"><\/p>\n<div class=\"myNavButton backToPrevPage\" style=\"padding: 5px 10px 5px 10px; display: inline-block; font-size: 80%; margin-bottom: 20px;\">Tilbage til Forsiden<\/div>\n<p><\/a><\/p>\n<div style=\"display: inline-block; margin-right: 20px;\">\n<h3 style=\"margin-bottom: 20px;\">Interesseret i vores online kursus?<\/h3>\n<h1 style=\"font-size: 250%; margin-bottom: 20px; color: #19363f;\">Pr\u00f8v Det Gratis<\/h1>\n<p style=\"color: #656565; font-weight: 600; margin-bottom: 10px;\">Vi giver dig muligheden for at pr\u00f8ve det f\u00f8rste modul i vores online kursus <a target=\"_blank\" href=\"https:\/\/stressamb.dk\/onlinecoaching\/vare\/stresskursus-af-10-moduler\/\" rel=\"noopener noreferrer\">Stress i Dit Eget Liv<\/a> helt gratis.<\/p>\n<p style=\"color: #656565; font-weight: 600; margin-bottom: 10px;\">Indtast din mailadresse i formen og send dig selv en invitation til kurset.<\/p>\n<p style=\"color: #656565; font-weight: 600; margin-bottom: 10px;\">Du vil modtage en mail, hvorigennem du kan oprette en demo-bruger til vores online platform.<\/p>\n<p style=\"color: #656565; font-weight: 600; margin-bottom: 10px;\">N\u00e5r du har oprettet en bruger kan du logge p\u00e5 platformen, hvor du vil have fri adgang til det f\u00f8rste modul.<\/p>\n<\/div>\n<div style=\"width: 200px; text-align: center; display: inline-block; vertical-align: top; padding: 20px; border-radius: 5px; background: #19363f;\">\n<h3 style=\"color: white; margin-bottom: 20px;\">Inviter dig selv<\/h3>\n<div id=\"case_creator_invite_field\" ><div><script>\n                            if ( window.history.replaceState ) {\n                                window.history.replaceState( null, null, window.location.href );\n                            }\n                           <\/script><div><form id=\"sendInviteForm\" name=\"#sendInviteForm\" method=\"POST\" action=\"\">\n                            <input type=\"hidden\" name=\"invitation_based_registrations_send_invite\" value=\"1\"\/><textarea style=\"width:-webkit-fill-available; border-radius: 6px; padding: 10px;\" rows=\"1\" cols=\"20\" required=\"true\"  name=\"emails\"  placeholder=\"eksempel@email.dk\" value=\"\"><\/textarea><input id=\"submitSendInvite\" type=\"submit\" class=\"button button-primary button-large\" value=\"Send Invitation\"><br><br><div class=\"g-recaptcha\" data-sitekey=\"6LeiIrMaAAAAAFRugc992tBffediuT4zw_plwR_P\" data-size=\"compact\"><\/div>\n\t\t\t<\/form>\n\t\t<\/div>\n                <script src=\"https:\/\/www.google.com\/recaptcha\/api.js\"><\/script>\n                <script type=\"text\/javascript\">\n\n                jQuery(\"#submitSendInvite\").click(function(e){\n                    var data_2;\n\n                    jQuery.ajax({\n                                type: \"POST\",\n                                url: \"https:\/\/stressamb.dk\/wp-content\/themes\/OnlineCoach-bridge\/google_captcha.php\",\n                                data: jQuery(\"#sendInviteForm\").serialize(),\n                                async:false,\n                                success: function(data) {\n                                 if(data.nocaptcha===\"true\") {\n                               data_2=1;\n                                  } else if(data.spam===\"true\") {\n                               data_2=2;\n                                  } else {\n                               data_2=0;\n                                  }\n                                }\n                            });\n\n                            if(data_2!=0) {\n                              e.preventDefault();\n                              if(data_2==1) {\n                                alert(\"Venligst tjek reCaptcha\");\n                              } else {\n                                alert(\"Lad venligst v\u00e6re med at spam\");\n                              }\n                            } else {\n                                jQuery(\"#sendInviteForm\").submit();\n                           }\n                  });\n                <\/script>\n                <\/div><\/div>\n<\/div>\n","protected":false},"excerpt":{"rendered":"<p>Tilbage til Forsiden Interesseret i vores online kursus? Pr\u00f8v Det Gratis Vi giver dig muligheden for at pr\u00f8ve det f\u00f8rste modul i vores online kursus Stress i Dit Eget Liv helt gratis. Indtast din mailadresse i formen og send dig selv en invitation til kurset&#8230;.<\/p>\n","protected":false},"author":1,"featured_media":0,"parent":0,"menu_order":41,"comment_status":"closed","ping_status":"closed","template":"","meta":{"_acf_changed":false,"_monsterinsights_skip_tracking":false,"_monsterinsights_sitenote_active":false,"_monsterinsights_sitenote_note":"","_monsterinsights_sitenote_category":0,"jetpack_post_was_ever_published":false,"footnotes":""},"class_list":["post-10","page","type-page","status-publish","hentry"],"acf":[],"jetpack_sharing_enabled":false,"jetpack_shortlink":"https:\/\/wp.me\/Pa28WP-a","_links":{"self":[{"href":"https:\/\/stressamb.dk\/onlinecoaching\/wp-json\/wp\/v2\/pages\/10","targetHints":{"allow":["GET"]}}],"collection":[{"href":"https:\/\/stressamb.dk\/onlinecoaching\/wp-json\/wp\/v2\/pages"}],"about":[{"href":"https:\/\/stressamb.dk\/onlinecoaching\/wp-json\/wp\/v2\/types\/page"}],"author":[{"embeddable":true,"href":"https:\/\/stressamb.dk\/onlinecoaching\/wp-json\/wp\/v2\/users\/1"}],"replies":[{"embeddable":true,"href":"https:\/\/stressamb.dk\/onlinecoaching\/wp-json\/wp\/v2\/comments?post=10"}],"version-history":[{"count":71,"href":"https:\/\/stressamb.dk\/onlinecoaching\/wp-json\/wp\/v2\/pages\/10\/revisions"}],"predecessor-version":[{"id":3896,"href":"https:\/\/stressamb.dk\/onlinecoaching\/wp-json\/wp\/v2\/pages\/10\/revisions\/3896"}],"wp:attachment":[{"href":"https:\/\/stressamb.dk\/onlinecoaching\/wp-json\/wp\/v2\/media?parent=10"}],"curies":[{"name":"wp","href":"https:\/\/api.w.org\/{rel}","templated":true}]}}