{"id":3750,"date":"2021-02-11T15:39:59","date_gmt":"2021-02-11T14:39:59","guid":{"rendered":"https:\/\/stressamb.dk\/onlinecoaching\/?page_id=3750"},"modified":"2021-02-15T10:06:00","modified_gmt":"2021-02-15T09:06:00","slug":"cookies-datahaandtering","status":"publish","type":"page","link":"https:\/\/stressamb.dk\/onlinecoaching\/cookies-datahaandtering\/","title":{"rendered":"Cookies &#038; Datah\u00e5ndtering"},"content":{"rendered":"<h2>Vi passer p\u00e5 dine data<\/h2>\n<p>I henhold til persondataloven skal dine personlige oplysninger opbevares sikkert og fortroligt, og vi g\u00f8r alt, hvad vi kan for at beskytte dine oplysninger, hvis du tilmelder dig nyhedsbrevet eller vores online stresskursus.<br \/>\nMeget f\u00e5 medarbejdere har adgang til brugerdata p\u00e5 stressamb.dk, og vi arbejder hele tiden p\u00e5 at sikre, at dine oplysninger h\u00e5ndteres forsvarligt.<br \/>\nSelvom vi g\u00f8r alt, hvad vi kan for at passe p\u00e5 dine data, s\u00e5 kan andre uberettiget tiltvinge sig adgang, n\u00e5r data sendes og opbevares elektronisk \u2013 s\u00e5 du sender derfor dine data p\u00e5 eget ansvar.<br \/>\nDu accepterer ovenst\u00e5ende persondatapolitik, n\u00e5r du bes\u00f8ger stressamb.dk.<\/p>\n<p><script id=\"CookieDeclaration\" src=\"https:\/\/consent.cookiebot.com\/59d98ab0-6c00-4d94-bf33-ec5abb603127\/cd.js\" type=\"text\/javascript\" async=\"\"><\/script><\/p>\n","protected":false},"excerpt":{"rendered":"<p>Vi passer p\u00e5 dine data I henhold til persondataloven skal dine personlige oplysninger opbevares sikkert og fortroligt, og vi g\u00f8r alt, hvad vi kan for at beskytte dine oplysninger, hvis du tilmelder dig nyhedsbrevet eller vores online stresskursus. Meget f\u00e5 medarbejdere har adgang til brugerdata&#8230;<\/p>\n","protected":false},"author":1,"featured_media":0,"parent":0,"menu_order":0,"comment_status":"closed","ping_status":"closed","template":"","meta":{"_acf_changed":false,"_monsterinsights_skip_tracking":false,"_monsterinsights_sitenote_active":false,"_monsterinsights_sitenote_note":"","_monsterinsights_sitenote_category":0,"jetpack_post_was_ever_published":false,"footnotes":""},"class_list":["post-3750","page","type-page","status-publish","hentry"],"acf":[],"jetpack_sharing_enabled":false,"jetpack_shortlink":"https:\/\/wp.me\/Pa28WP-Yu","_links":{"self":[{"href":"https:\/\/stressamb.dk\/onlinecoaching\/wp-json\/wp\/v2\/pages\/3750","targetHints":{"allow":["GET"]}}],"collection":[{"href":"https:\/\/stressamb.dk\/onlinecoaching\/wp-json\/wp\/v2\/pages"}],"about":[{"href":"https:\/\/stressamb.dk\/onlinecoaching\/wp-json\/wp\/v2\/types\/page"}],"author":[{"embeddable":true,"href":"https:\/\/stressamb.dk\/onlinecoaching\/wp-json\/wp\/v2\/users\/1"}],"replies":[{"embeddable":true,"href":"https:\/\/stressamb.dk\/onlinecoaching\/wp-json\/wp\/v2\/comments?post=3750"}],"version-history":[{"count":5,"href":"https:\/\/stressamb.dk\/onlinecoaching\/wp-json\/wp\/v2\/pages\/3750\/revisions"}],"predecessor-version":[{"id":3756,"href":"https:\/\/stressamb.dk\/onlinecoaching\/wp-json\/wp\/v2\/pages\/3750\/revisions\/3756"}],"wp:attachment":[{"href":"https:\/\/stressamb.dk\/onlinecoaching\/wp-json\/wp\/v2\/media?parent=3750"}],"curies":[{"name":"wp","href":"https:\/\/api.w.org\/{rel}","templated":true}]}}